{"id":6699,"date":"2018-06-25T17:04:41","date_gmt":"2018-06-25T15:04:41","guid":{"rendered":"https:\/\/leucorea.de\/en\/?page_id=6699"},"modified":"2018-06-25T17:12:23","modified_gmt":"2018-06-25T15:12:23","slug":"privacy-information","status":"publish","type":"page","link":"https:\/\/leucorea.de\/en\/privacy-information\/","title":{"rendered":"Privacy information"},"content":{"rendered":"<div id=\"pl-6699\"  class=\"panel-layout\" ><div id=\"pg-6699-0\"  class=\"panel-grid panel-has-style\" ><div class=\"width-one panel-row-style panel-row-style-for-6699-0\" ><div id=\"pgc-6699-0-0\"  class=\"panel-grid-cell\" ><div id=\"panel-6699-0-0-0\" class=\"so-panel widget widget_black-studio-tinymce widget_black_studio_tinymce panel-first-child\" data-index=\"0\" ><div class=\"intro panel-widget-style panel-widget-style-for-6699-0-0-0\" ><div class=\"textwidget\"><p>Privacy information on processing personal data by the LEUCOREA foundation<\/p>\n<\/div><\/div><\/div><div id=\"panel-6699-0-0-1\" class=\"so-panel widget widget_black-studio-tinymce widget_black_studio_tinymce panel-last-child\" data-index=\"1\" ><div class=\"textwidget\"><p class=\"ASStandard-Absatz\">Controller under Article\u00a04 nr.\u00a0(7) of the EU general data protection regulation (GDPR) is:<\/p>\n<p>Stiftung LEUCOREA,<br \/> Stiftung des \u00f6ffentlichen Rechts an der Martin-Luther-Universit\u00e4t Halle-Wittenberg,<br \/>legally represented by its President, <br \/> address:<br \/> Collegienstra\u00dfe 62<br \/> 06886 Lutherstadt Wittenberg<br \/> Tel.: (+49 34 91) 46 60<br \/> Fax: (+49 34 91) 46 62 22<\/p>\n<p class=\"ASStandard-Absatz\">E-Mail: <a title=\"Kontakt-E-Mail\" href=\"&#x6d;&#x61;&#x69;&#x6c;&#x74;&#111;&#58;&#107;&#111;nta&#x6b;&#x74;&#x40;&#x6c;&#x65;&#x75;&#99;&#111;&#114;ea&#46;&#x75;&#x6e;&#x69;&#x2d;&#x68;&#x61;&#108;&#108;&#101;&#46;de\" target=\"_blank\">&#x6b;&#111;n&#x74;&#x61;&#107;t&#x40;&#x6c;&#101;u&#x63;&#x6f;&#114;e&#x61;&#x2e;&#117;n&#x69;&#45;&#104;a&#x6c;&#108;e&#x2e;&#x64;&#101;<\/a><\/p>\n<p>The LEUCOREA foundation will process personal data of its clients only to the extent as it is necessary for the purposes of operating the relationship between the LEUCOREA and the client, and within the statutory purposes of the LEUCOREA. The legal basis of the processing is Article\u00a06 paragraph\u00a0(1) point\u00a0(e) GDPR. In addition, the legal basis of processing data for operating the relationship between the LEUCOREA and the client and of processing data gathered via the <a title=\"Contact\" href=\"https:\/\/leucorea.de\/en\/contact\/\">contact form<\/a> is Article\u00a06 paragraph\u00a0(1) point\u00a0(b) GDPR.<\/p>\n<p>Data will be stored for the duration of the relationship between the LEUCOREA foundation and the client, afterwards as long as required by legal obligations (Article\u00a06 paragraph\u00a0(1) point\u00a0(c) GDPR).<\/p>\n<p>Every client has the right to request access to and rectification or erasure of personal data relating to him, or to request restriction of contestable processing or to object to contestable processing.<\/p>\n<p>Every client who considers that the processing of personal data relating to him infringes the GDPR has the right to lodge a complaint with the competent supervisory authority.<\/p>\n<p class=\"ASStandard-Absatz\">The competent supervisory authority is: Landesbeauftragter f\u00fcr den Datenschutz Sachsen-Anhalt (Leiterstra\u00dfe\u00a09, 39104 Magdeburg, &lt;<a title=\"https:\/\/datenschutz.sachsen-anhalt.de\" href=\"https:\/\/datenschutz.sachsen-anhalt.de\" target=\"_blank\">https:\/\/datenschutz.sachsen-anhalt.de<\/a><a name=\"_GoBack\"><\/a>&gt;).<\/p>\n<\/div><\/div><\/div><\/div><\/div><div id=\"pg-6699-1\"  class=\"panel-grid panel-no-style\" ><div id=\"pgc-6699-1-0\"  class=\"panel-grid-cell panel-grid-cell-empty\" ><\/div><\/div><\/div>","protected":false},"excerpt":{"rendered":"<p>Privacy information on processing personal data by the LEUCOREA foundation Controller under Article\u00a04 nr.\u00a0(7) of the EU general data protection regulation (GDPR) is:Stiftung LEUCOREA, Stiftung des \u00f6ffentlichen Rechts an der Martin-Luther-Universit\u00e4t Halle-Wittenberg,legally represented by its President, address: Collegienstra\u00dfe 62 06886 Lutherstadt Wittenberg Tel.: (+49 34 91) 46 60 Fax: (+49 34 91) 46 62 22E-Mail: [&hellip;]<\/p>\n","protected":false},"author":2,"featured_media":0,"parent":0,"menu_order":0,"comment_status":"open","ping_status":"open","template":"page-templates\/infobox.php","meta":{"inline_featured_image":false,"footnotes":""},"_links":{"self":[{"href":"https:\/\/leucorea.de\/en\/wp-json\/wp\/v2\/pages\/6699"}],"collection":[{"href":"https:\/\/leucorea.de\/en\/wp-json\/wp\/v2\/pages"}],"about":[{"href":"https:\/\/leucorea.de\/en\/wp-json\/wp\/v2\/types\/page"}],"author":[{"embeddable":true,"href":"https:\/\/leucorea.de\/en\/wp-json\/wp\/v2\/users\/2"}],"replies":[{"embeddable":true,"href":"https:\/\/leucorea.de\/en\/wp-json\/wp\/v2\/comments?post=6699"}],"version-history":[{"count":3,"href":"https:\/\/leucorea.de\/en\/wp-json\/wp\/v2\/pages\/6699\/revisions"}],"predecessor-version":[{"id":6703,"href":"https:\/\/leucorea.de\/en\/wp-json\/wp\/v2\/pages\/6699\/revisions\/6703"}],"wp:attachment":[{"href":"https:\/\/leucorea.de\/en\/wp-json\/wp\/v2\/media?parent=6699"}],"curies":[{"name":"wp","href":"https:\/\/api.w.org\/{rel}","templated":true}]}}