{"id":5950,"date":"2017-07-10T12:30:53","date_gmt":"2017-07-10T10:30:53","guid":{"rendered":"https:\/\/leucorea.de\/en\/?page_id=5950"},"modified":"2017-07-10T12:32:53","modified_gmt":"2017-07-10T10:32:53","slug":"cultural-impact-of-the-reformation-section-i-1-abstracts","status":"publish","type":"page","link":"https:\/\/leucorea.de\/en\/congresses-2017\/cultural-impacts\/sections\/dingel-koerrenz\/cultural-impact-of-the-reformation-section-i-1-abstracts\/","title":{"rendered":"Cultural Impact of the Reformation: Section I.1: Abstracts"},"content":{"rendered":"<div id=\"pl-5950\"  class=\"panel-layout\" ><div id=\"pg-5950-0\"  class=\"panel-grid panel-has-style\" ><div class=\"width-one panel-row-style panel-row-style-for-5950-0\" ><div id=\"pgc-5950-0-0\"  class=\"panel-grid-cell\" ><div id=\"panel-5950-0-0-0\" class=\"so-panel widget widget_black-studio-tinymce widget_black_studio_tinymce panel-first-child\" data-index=\"0\" ><div class=\"intro panel-widget-style panel-widget-style-for-5950-0-0-0\" ><div class=\"textwidget\"><\/div><\/div><\/div><div id=\"panel-5950-0-0-1\" class=\"so-panel widget widget_black-studio-tinymce widget_black_studio_tinymce panel-last-child\" data-index=\"1\" ><div class=\"textwidget\"><p>Thomas T\u00f6pfer (Leipzig, Germany)<\/p>\n<p><strong>The Construction of Protestant Educational Dominance in German-speaking Regions from the 16<sup>th<\/sup> Century up to now<\/strong><\/p>\n<p>The close connection between Protestantism and education is still almost a standardised answer to the question of the cultural impact of the Reformation. Not least, the Reformation Decade emphasised this link once again in its theme year \u203aReformation and Education\u2039 in 2010 on the occasion of the 450<sup>th<\/sup> anniversary of the death of Philipp Melanchthon, but avoided as far as possible a confessional antagonistic interpretation. This contribution aims to show that from the beginning, the educational historical efficacy of Protestantism was connected to a particularly anti-Catholic discourse of dominance which can be observed in its effects even today. Beginning from the time of the Reformation and continuing to the present, this paper looks at the genesis of this discourse \u2013 originating in the 16<sup>th<\/sup> century as competing confessional concepts of education developed, prospering in the 18<sup>th<\/sup> century (interpreted as part of the Enlightenment process), and becoming highly influential in the 19<sup>th<\/sup> and 20<sup>th<\/sup> centuries by means of the term \u203aBildung\u2039 (education) within the \u203aKulturprotestantismus\u2039 (Culture-Protestantism).<\/p>\n<p>\u00a0<\/p>\n<p>Klaus-Dieter Beims (Plochingen, Germany)<\/p>\n<p><strong>Scholars in Wittenberg. Their Lives, Careers and Biographic Representations<\/strong><\/p>\n<p>In the beginning of the 17<sup>th<\/sup> century, the Calvinistic historian M. Adam from Heidelberg published about 90 biographies of 16<sup>th<\/sup> century scholars and scientists in Wittenberg. Using representative examples, their education, lives and career steps are outlined: what kind of career and\/or social working areas had they been qualified for with their education in Wittenberg? How did a typical professor\u2019s career evolve?<\/p>\n<p>Besides that, fundamental aspects of the biographic representation of these scholars and scientists from Wittenberg are highlighted, for example the selection and the handling of different biographical information, as well as the constructive character of the biographies.<\/p>\n<p>\u00a0<\/p>\n<p>Daniel Bohnert (Frankfurt\/Main, Germany)<\/p>\n<p><strong>Ordination and Examination during Lutheran Restauration from 1591\/92 to around 1600. Theology as a Best Seller<\/strong><\/p>\n<p>The theology of the Reformation and its ideas of education circulated not only in the heartland of the Reformation, but were also exported to other Protestant territories and cities of the Holy Roman Empire. The trans-territorial relevance of the University of Wittenberg (i. e. Leucorea) can be identified by its outstanding role as an institution for the education of functionaries of the church. In the 16<sup>th<\/sup> century, the Leucorea was already responsible for thousands of examinations and ordinations of church functionaries, and it could rightly be called the leading \u203auniversity of ordination\u2039 for Protestant territories and cities. This contribution focuses on ordination and examination in the time of the so-called Lutheran Restauration from 1591\/92 to around 1600.<\/p>\n<p>\u00a0<\/p>\n<p>Franz Schollmeyer (Jena, Germany)<\/p>\n<p><strong>Lutheran Pamphlets about the Book of Concord<\/strong><\/p>\n<p>Jacob Andre\u00e4 tried to unify the different Lutheran streams and to end the inner-Protestant conflicts which flamed up after the death of Martin Luther and the Augsburg Interim. The Formula of Concord from 1577, and the Book of Concord from 1580, could be seen as the most visible expressions of these efforts. In his thesis, Franz Schollmeyer discovers the literary strategies which were used by the authors of the Lutheran pamphlets either pro or contra the unification to discredit theological opponents, present their own position as the only true one and win over the public. Among others, texts written between 1568 and 1600 by Christoph Iren\u00e4us, Johannes Wigand, Nikolaus Selnecker, Jacob Andre\u00e4, Johann Habermann and Caspar F\u00fcger will be examined as well as some anonymous texts.<\/p>\n<p>\u00a0<\/p>\n<p>Jonathan Reinert (Jena, Germany)<\/p>\n<p><strong>Lutheran Passion of Christ Sermons in the 16<sup>th<\/sup> Century<\/strong><\/p>\n<p>Since Martin Luther, the \u203aPostil\u2039 in which the pericopes were interpreted along the liturgical year became an independent literary genre. Postils were then used for preachers\u2019 education and instruction as well as for that of teachers and patres familias. They proved to be an excellent medium for the transfer of religious and other ideas. In his thesis, Jonathan Reinert scrutinizes the interpretation of Jesus Christ\u2019s passion and death in the postils written by Luther, as well as those written by other theologians of his tradition (e. g. Johann Spangenberg, Johannes Wigand, Christoph Vischer). In addition, the literary reactions to stimuli and receptions of Luther\u2019s ideas made by authors of postils of the Roman church (e. g. Friedrich Nausea, Johann Wild, Michael Helding) are examined.<\/p>\n<p>\u00a0<\/p>\n<p>Jan-Andrea Bernhard (Strada i. O. and Zurich, Switzerland)<\/p>\n<p><strong>Reformatory School Books (Catechisms, Abecedaria) in the Three Leagues. Relevance and Effect of the First Romansch Prints Concerning the Development of the Protestant Education System<\/strong><\/p>\n<p>So far, linguists have dealt with the first Romansch texts from a philological point of view, theologians have seen those early prints as part of the European history of theology, and historians have emphasised the role of the prints in the development of the Reformation in the Three Leagues.<\/p>\n<p>In this contribution, the earliest almost forgotten Romansch prints (catechisms, abecedaria, etc.) will be scrutinised concerning their relevance for the development of the Protestant education system in the Three Leagues, and will be placed in a European context.<\/p>\n<p>\u00a0<\/p>\n<p>Sebastian Engelmann (Jena, Germany)<\/p>\n<p><strong>\u00bbThe Position of the Human Being in the Whole Being\u00ab. Friedrich W. D\u00f6rpfeld\u2019s Theory of Curriculum<\/strong><\/p>\n<p>This contribution focuses on the educator Friedrich W. D\u00f6rpfeld, who was connected to Pietism, and his theory of curriculum. D\u00f6rpfeld\u2019s basic concept of experience-related presentation by using realia will be elaborated with respect to religious education. In the lesson, one is not meant \u00bbto make a speech about the pictures but to show the pictures.\u00ab (D\u00f6rpfeld) It will be shown that D\u00f6rpfeld substantiated the different subjects studied in an anthropological way, so that they \u00bbhave to form an integrated whole, that is rooted in the position of the human being in the whole being, i.e. in its relationship to nature, to the human world and to God.\u00ab (Reble) (all quotes translated by the editor)<\/p>\n<p>\u00a0<\/p>\n<p>Norm Friesen (Boise, USA)<\/p>\n<p><strong>Luther\u2019s \u00bbLehrb\u00fcchlein\u00ab. Education and the Lesser Catechism<\/strong><\/p>\n<p>Martin Luther published both his \u203agreater\u2039 catechism for priests and his \u203alesser\u2039 catechism for lay teachers and heads of families in 1529. The lesser catechism, widely popularized as Luther\u2019s <em>Haustafel<\/em>, was enormously influential as a practical household code, and as Luther put it, as a \u00bbsmall confessional book, prayer book [and] textbook (Lehrb\u00fcchlein).\u00ab In the last of these senses, this book prefigured many elements familiar in education today, offering both a core curriculum \u2013 standardized down to the letter \u2013 and a catechetical method for its effective implementation. This presentation traces the impact of this text on later educational methods and materials, using German and American examples from the 16<sup>th<\/sup> to the 19<sup>th<\/sup> centuries.<\/p>\n<p>\u00a0<\/p>\n<p>Daniel L\u00f6ffelmann (Jena, Germany)<\/p>\n<p><strong>The \u203aFreie Schulgemeinde\u2039. <\/strong><strong>A 19<sup>th<\/sup> Century Pedagogical Concept as an Example for the Deep Impact of the Reformation<\/strong><\/p>\n<p>The idea of the \u203afreie Schulgemeinde\u2039 (free school-community) is a pedagogical concept which became prominent in the 19<sup>th<\/sup> century. F. W. D\u00f6rpfeld can be called the most well-known mastermind and advocate of this concept. The connection to the Reformation can be seen in the Reformatory (more of the Calvinistic tradition than of the Lutheran) structure of a school\u2019s ideal organisation: While refusing a bureaucratic administration by the authorities as harmful to the school, the Presbyterian model is preferred. That means that the administration is the duty of the particular ecclesiastical or civil parish. As will be shown in this contribution, this concept of synodal \u203aself-government\u2039 is not least based on a specific idea of how and when humans learn.<\/p>\n<p>\u00a0<\/p>\n<p>Hanna Kauhaus (Jena, Germany)<\/p>\n<p><strong>The Concept of the German University \u2013 an Impact of the Reformation?<\/strong><\/p>\n<p>Besides Wilhelm von Humboldt, Friedrich Schleiermacher is one of the intellectual founders of the university reform in the early 19<sup>th<\/sup> century, which is continuing to have an effect as the \u203aIdee der deutschen Universit\u00e4t\u2039 (concept of the German university). By considering Schleiermacher\u2019s text <em>Gelegentliche Gedanken \u00fcber Universit\u00e4ten im deutschen Sinn<\/em> (Occasional Thoughts on Universities in the German Sense) from 1808, this contribution will scrutinise whether and in what way the central ideas of this concept can be understood as a cultural impact of the Reformation. So, the presentation of Schleiermacher\u2019s concept of university is linked with the methodological reflection on both the criteria according to which a concept or a cultural pattern can be understood as an impact of something (in particular: of the Reformation) on the one hand, and the gain in insight of such an understanding on the other hand.<\/p>\n<\/div><\/div><\/div><\/div><\/div><div id=\"pg-5950-1\"  class=\"panel-grid panel-no-style\" ><div id=\"pgc-5950-1-0\"  class=\"panel-grid-cell\" ><div id=\"panel-5950-1-0-0\" class=\"so-panel widget widget_black-studio-tinymce widget_black_studio_tinymce panel-first-child panel-last-child\" data-index=\"2\" ><div class=\"infobox panel-widget-style panel-widget-style-for-5950-1-0-0\" ><h3 class=\"widget-title\">Kulturelle Wirkungen der Reformation<\/h3><div class=\"textwidget\"><p>7 to 11 August 2017<\/p>\n<p><a title=\"Cultural Impact of the Reformation: Sections\" href=\"https:\/\/leucorea.de\/en\/congresses-2017\/cultural-impacts\/program\/sections\/\">back to sections<\/a><\/p>\n<\/div><\/div><\/div><\/div><\/div><div id=\"pg-5950-2\"  class=\"panel-grid panel-has-style\" ><div class=\"width-one panel-row-style panel-row-style-for-5950-2\" ><div id=\"pgc-5950-2-0\"  class=\"panel-grid-cell\" ><div id=\"panel-5950-2-0-0\" class=\"so-panel widget widget_black-studio-tinymce widget_black_studio_tinymce panel-first-child panel-last-child\" data-index=\"3\" ><div class=\"textwidget\"><\/div><\/div><\/div><\/div><\/div><\/div>","protected":false},"excerpt":{"rendered":"<p>Thomas T\u00f6pfer (Leipzig, Germany)The Construction of Protestant Educational Dominance in German-speaking Regions from the 16th Century up to nowThe close connection between Protestantism and education is still almost a standardised answer to the question of the cultural impact of the Reformation. Not least, the Reformation Decade emphasised this link once again in its theme year [&hellip;]<\/p>\n","protected":false},"author":10,"featured_media":0,"parent":4234,"menu_order":0,"comment_status":"open","ping_status":"open","template":"page-templates\/infobox.php","meta":{"inline_featured_image":false,"footnotes":""},"_links":{"self":[{"href":"https:\/\/leucorea.de\/en\/wp-json\/wp\/v2\/pages\/5950"}],"collection":[{"href":"https:\/\/leucorea.de\/en\/wp-json\/wp\/v2\/pages"}],"about":[{"href":"https:\/\/leucorea.de\/en\/wp-json\/wp\/v2\/types\/page"}],"author":[{"embeddable":true,"href":"https:\/\/leucorea.de\/en\/wp-json\/wp\/v2\/users\/10"}],"replies":[{"embeddable":true,"href":"https:\/\/leucorea.de\/en\/wp-json\/wp\/v2\/comments?post=5950"}],"version-history":[{"count":3,"href":"https:\/\/leucorea.de\/en\/wp-json\/wp\/v2\/pages\/5950\/revisions"}],"predecessor-version":[{"id":5953,"href":"https:\/\/leucorea.de\/en\/wp-json\/wp\/v2\/pages\/5950\/revisions\/5953"}],"up":[{"embeddable":true,"href":"https:\/\/leucorea.de\/en\/wp-json\/wp\/v2\/pages\/4234"}],"wp:attachment":[{"href":"https:\/\/leucorea.de\/en\/wp-json\/wp\/v2\/media?parent=5950"}],"curies":[{"name":"wp","href":"https:\/\/api.w.org\/{rel}","templated":true}]}}