{"id":4083,"date":"2016-06-25T13:49:18","date_gmt":"2016-06-25T11:49:18","guid":{"rendered":"https:\/\/leucorea.de\/en\/?page_id=4083"},"modified":"2016-11-14T09:15:44","modified_gmt":"2016-11-14T08:15:44","slug":"lutherforscher2017","status":"publish","type":"page","link":"https:\/\/leucorea.de\/en\/lutherforscher2017\/","title":{"rendered":"13. International Congress for Luther Research: 1517. Luther between Tradition and Renewal"},"content":{"rendered":"<div id=\"pl-4083\"  class=\"panel-layout\" ><div id=\"pg-4083-0\"  class=\"panel-grid panel-has-style\" ><div class=\"width-one panel-row-style panel-row-style-for-4083-0\" ><div id=\"pgc-4083-0-0\"  class=\"panel-grid-cell\" ><div id=\"panel-4083-0-0-0\" class=\"so-panel widget widget_black-studio-tinymce widget_black_studio_tinymce panel-first-child\" data-index=\"0\" ><div class=\"intro panel-widget-style panel-widget-style-for-4083-0-0-0\" ><div class=\"textwidget\"><p><span style=\"color: #000000;\">Vom 30. Juli bis 4. August 2017 findet in Lutherstadt Wittenberg der 13. Internationale Kongress f\u00fcr Lutherforschung statt. Der Kongress widmet sich mit dem Thema \u201e1517. Luther zwischen Tradition und Erneuerung\u201c den Anf\u00e4ngen der Reformation.<\/span><\/p>\n<\/div><\/div><\/div><div id=\"panel-4083-0-0-1\" class=\"so-panel widget widget_black-studio-tinymce widget_black_studio_tinymce panel-last-child\" data-index=\"1\" ><div class=\"textwidget\"><p>Die Jahreszahl dient dabei als ein Fokus, innerhalb dessen vorherige Entwicklungen und weitere Wirkungen in den Blick genommen werden sollen. Selbstverst\u00e4ndlich werden die Thesen gegen den Ablass vom 31. Oktober 1517 eingehend gew\u00fcrdigt, aber auch andere Aspekte: Die Wurzeln Luthers in der Bibel und der Fr\u00f6mmigkeit des sp\u00e4ten Mittelalters ebenso wie die Entfaltung der entstehenden neuen Theologie in Predigt und Seelsorge. Neben der historischen Aufarbeitung des Gewesenen soll auch die Frage nach dem heutigen Umgang mit Luther und Impulsen f\u00fcr die Zukunft Gegenstand der Diskussion sein.<\/p>\n<p>Die Arbeitsform besteht aus <a href=\"https:\/\/leucorea.de\/lutherforscherkongress2017\/programm\/\">Plenarvortr\u00e4gen<\/a> einerseits und kleineren arbeitsintensiven <a href=\"https:\/\/leucorea.de\/lutherforscherkongress2017\/programm\/seminare\/\">Seminaren<\/a> andererseits. Wie \u00fcblich besteht auch die M\u00f6glichkeit, eigene wissenschaftliche Projekte zu pr\u00e4sentieren.<\/p>\n<p>\u00a0<\/p>\n<p>The Thirteenth International Congress for Luther Research will take place in Lutherstadt Wittenberg, Germany, from July 30 to August 4, 2017.\u00a0 The Congress will explore the beginnings of the Reformation with the theme, \u201c1517. Luther between Tradition and Renewal.\u201d\u00a0 1517 provides a focus within which the late medieval context and the ongoing impact of Luther will be considered.\u00a0 Clearly, Luther\u2019s <em>95 Theses<\/em> (31. October 1517) will be examined in detail as well as other aspects, such as the roots of Luther\u2019s insights in the Bible and in the piety of the late middle ages as well as the unfolding of his new theology in sermon and pastoral work.\u00a0 Current ways of understanding Luther and factors that will stimulate future interpretation will be discussed in addition to historical matters.\u00a0<\/p>\n<p>The Congress will include <a href=\"https:\/\/leucorea.de\/lutherforscherkongress2017\/programm\/\">plenary addresses<\/a> as well as intensive, sharply-focused <a href=\"https:\/\/leucorea.de\/lutherforscherkongress2017\/programm\/seminare\/\">seminars<\/a>.\u00a0 As is customary, participants will have opportunity to give short presentations on their own research projects.<\/p>\n<\/div><\/div><\/div><\/div><\/div><div id=\"pg-4083-1\"  class=\"panel-grid panel-no-style\" ><div id=\"pgc-4083-1-0\"  class=\"panel-grid-cell\" ><div id=\"panel-4083-1-0-0\" class=\"so-panel widget widget_black-studio-tinymce widget_black_studio_tinymce panel-first-child panel-last-child\" data-index=\"2\" ><div class=\"infobox panel-widget-style panel-widget-style-for-4083-1-0-0\" ><h3 class=\"widget-title\">13. Internationaler Kongress f\u00fcr Lutherforschung<\/h3><div class=\"textwidget\"><p><a href=\"https:\/\/leucorea.de\/wp-content\/uploads\/2015\/12\/luther_kongress_gross.png\"><img loading=\"lazy\" decoding=\"async\" class=\" size-medium wp-image-2479 aligncenter\" src=\"https:\/\/leucorea.de\/wp-content\/uploads\/2015\/12\/luther_kongress_gross-300x295.png\" alt=\"luther_kongress_gross\" width=\"100\" height=\"100\" \/><\/a><\/p>\n<p>30. Juli bis 4. August 2017<\/p>\n<p>contact: congress[at]2017.martinluther.de<\/p>\n<p><strong>Einladung | Invitation<\/strong><\/p>\n<p><strong><a href=\"https:\/\/leucorea.de\/lutherforscherkongress2017\/programm\/\">Programm | Program<\/a><\/strong><\/p>\n<p><strong>\u21d2<a href=\"https:\/\/leucorea.de\/lutherforscherkongress2017\/programm\/seminare\/\"> Seminare | Seminars<\/a><\/strong><\/p>\n<p>\u21d2 <strong><a href=\"https:\/\/leucorea.de\/lutherforscherkongress2017\/programm\/13-internationaler-kongress-fuer-lutherforschung-rahmenprogramm\/\">Rahmenprogramm | Framework program<\/a><\/strong><\/p>\n<p>\u21d2 <strong><a href=\"https:\/\/leucorea.de\/lutherforscherkongress2017\/programm\/wochenendreise\/\">Wochenendreise<\/a> | <a href=\"https:\/\/leucorea.de\/lutherforscherkongress2017\/programm\/weekend-trip\/\">Weekend trip<\/a><\/strong><\/p>\n<p><strong><a href=\"https:\/\/leucorea.de\/lutherforscherkongress2017\/organisation\/\">Organisation | Organisation<\/a><\/strong><\/p>\n<p><strong><a href=\"https:\/\/leucorea.de\/lutherforscherkongress2017\/ort\/\">Ort | Location<\/a><\/strong><\/p>\n<p><strong><a href=\"https:\/\/leucorea.de\/lutherforscherkongress2017\/anmeldung\/\">Anmeldung | Registration<\/a><\/strong><\/p>\n<p>\u21d2 <strong><a title=\"13. Internationaler Kongress f\u00fcr Lutherforschung: Kosten \/ Fees\" href=\"https:\/\/leucorea.de\/lutherforscherkongress2017\/anmeldung\/kosten-fees\/\">Kosten | Fees<\/a><\/strong><\/p>\n<p>\u21d2 <strong><a title=\"13. Internationaler Kongress f\u00fcr Lutherforschung: Unterkunft\" href=\"https:\/\/leucorea.de\/lutherforscherkongress2017\/anmeldung\/unterkunft\/\">Unterkunft | Accommodation<\/a><\/strong><\/p>\n<p>\u21d2 <strong><a title=\"13. Internationaler Kongress f\u00fcr Lutherforschung: AGB \/ Terms and conditions\" href=\"https:\/\/leucorea.de\/lutherforscherkongress2017\/anmeldung\/agb-terms-and-conditions\/\">AGB | Terms and conditions<\/a><\/strong><\/p>\n<p>\u00a0<\/p>\n<\/div><\/div><\/div><\/div><\/div><\/div>","protected":false},"excerpt":{"rendered":"<p>Vom 30. Juli bis 4. August 2017 findet in Lutherstadt Wittenberg der 13. Internationale Kongress f\u00fcr Lutherforschung statt. Der Kongress widmet sich mit dem Thema \u201e1517. Luther zwischen Tradition und Erneuerung\u201c den Anf\u00e4ngen der Reformation. Die Jahreszahl dient dabei als ein Fokus, innerhalb dessen vorherige Entwicklungen und weitere Wirkungen in den Blick genommen werden sollen. [&hellip;]<\/p>\n","protected":false},"author":2,"featured_media":0,"parent":0,"menu_order":0,"comment_status":"open","ping_status":"closed","template":"page-templates\/infobox.php","meta":{"inline_featured_image":false,"footnotes":""},"_links":{"self":[{"href":"https:\/\/leucorea.de\/en\/wp-json\/wp\/v2\/pages\/4083"}],"collection":[{"href":"https:\/\/leucorea.de\/en\/wp-json\/wp\/v2\/pages"}],"about":[{"href":"https:\/\/leucorea.de\/en\/wp-json\/wp\/v2\/types\/page"}],"author":[{"embeddable":true,"href":"https:\/\/leucorea.de\/en\/wp-json\/wp\/v2\/users\/2"}],"replies":[{"embeddable":true,"href":"https:\/\/leucorea.de\/en\/wp-json\/wp\/v2\/comments?post=4083"}],"version-history":[{"count":4,"href":"https:\/\/leucorea.de\/en\/wp-json\/wp\/v2\/pages\/4083\/revisions"}],"predecessor-version":[{"id":4834,"href":"https:\/\/leucorea.de\/en\/wp-json\/wp\/v2\/pages\/4083\/revisions\/4834"}],"wp:attachment":[{"href":"https:\/\/leucorea.de\/en\/wp-json\/wp\/v2\/media?parent=4083"}],"curies":[{"name":"wp","href":"https:\/\/api.w.org\/{rel}","templated":true}]}}