{"id":4058,"date":"2016-06-25T12:40:18","date_gmt":"2016-06-25T10:40:18","guid":{"rendered":"https:\/\/leucorea.de\/en\/?page_id=4058"},"modified":"2025-04-10T14:09:01","modified_gmt":"2025-04-10T12:09:01","slug":"research","status":"publish","type":"page","link":"https:\/\/leucorea.de\/en\/research\/","title":{"rendered":"Research"},"content":{"rendered":"<div id=\"pl-4058\"  class=\"panel-layout\" ><div id=\"pg-4058-0\"  class=\"panel-grid panel-has-style\" ><div class=\"width-one panel-row-style panel-row-style-for-4058-0\" ><div id=\"pgc-4058-0-0\"  class=\"panel-grid-cell\" ><div id=\"panel-4058-0-0-0\" class=\"so-panel widget widget_black-studio-tinymce widget_black_studio_tinymce panel-first-child\" data-index=\"0\" ><div class=\"intro panel-widget-style panel-widget-style-for-4058-0-0-0\" ><div class=\"textwidget\"><p>Research projects funded, initiated and supported by the LEUCOREA Foundation focus on the historical place of Wittenberg in the context of the Reformation, and its meaning for the formation of the modern era and of modernity.<span style=\"color: #000000\"><br \/><\/span><\/p>\n<\/div><\/div><\/div><div id=\"panel-4058-0-0-1\" class=\"so-panel widget widget_black-studio-tinymce widget_black_studio_tinymce\" data-index=\"1\" ><div class=\"textwidget\"><div id=\"panel-7241-0-0-2\" class=\"so-panel widget widget_black-studio-tinymce widget_black_studio_tinymce\" data-index=\"2\">\n<div class=\"textwidget\">\n<h4><a href=\"https:\/\/leucorea.de\/kongresse\/\">Wissenschaftliche Veranstaltungen<\/a><\/h4>\n<p>Die Stiftung LEUCOREA organisiert Veranstaltungen, die nicht selten im Zusammenhang mit den Forschungsprojekten stehen. Dazu geh\u00f6ren eine allj\u00e4rliche <a href=\"https:\/\/leucorea.de\/wp-content\/uploads\/2024\/09\/vortragsreihe-24_25.pdf\" class=\"mtli_attachment mtli_pdf\">Vortragsreihe<\/a> zu wechselnden Themen sowie interdisziplin\u00e4re Tagungen und Workshops. Das <a href=\"https:\/\/leucorea.de\/forschung\/graduiertenforum-leucorea\/\">Graduiertenforum LEUCOREA<\/a> l\u00e4dt einmal im Semester (Post-)Doktorand*innen zum Austausch mit interessanten Denkerinnen und Denkern der Gegenwart nach Wittenberg ein. Eine \u00dcbersicht \u00fcber unsere <strong>\u00f6ffentlichen wissenschaftlichen Angebote<\/strong> finden Sie <strong><a href=\"https:\/\/leucorea.de\/kongresse\/\">hier<\/a><\/strong>.<\/div>\n<\/div>\n<\/div><\/div><div id=\"panel-4058-0-0-2\" class=\"so-panel widget widget_black-studio-tinymce widget_black_studio_tinymce\" data-index=\"2\" ><div class=\"textwidget\"><div id=\"panel-7241-0-0-2\" class=\"so-panel widget widget_black-studio-tinymce widget_black_studio_tinymce\" data-index=\"2\">\n<div class=\"textwidget\">\n<h4><a href=\"https:\/\/leucorea.de\/forschung\/forschungsprojekte\/\">Forschungsprojekte und Arbeitsstellen<\/a><\/h4>\n<p>Die LEUCOREA beherbergt Arbeitsstellen, die sich die Erforschung der Septuaginta und der Hebr\u00e4ischen Bibel, dem Wirken des Kunstagenten Philipp Hainhofer sowie der Erstellung eines Mittelelbischen W\u00f6rterbuchs widmen. Hinzu kommt eine Reihe von Forschungsprojekten, deren thematischer Bogen sich von der Friedlichen Revolution 1989 bis zum Verh\u00e4ltnis von Literatur und Religion spannt.\u00a0 Eine \u00dcbersicht \u00fcber die an der LEUCOREA beheimateten Forschungsprojekte und Arbeitsstellen finden Sie <a href=\"https:\/\/leucorea.de\/forschung\/forschungsprojekte\/\">hier<\/a>.<\/div>\n<\/div>\n<\/div><\/div><div id=\"panel-4058-0-0-3\" class=\"so-panel widget widget_black-studio-tinymce widget_black_studio_tinymce\" data-index=\"3\" ><div class=\"textwidget\"><div id=\"panel-7241-0-0-2\" class=\"so-panel widget widget_black-studio-tinymce widget_black_studio_tinymce\" data-index=\"2\">\n<div class=\"textwidget\">\n<h4><a href=\"https:\/\/leucorea.de\/forschung\/publikationsreihen\/\">Publikationsreihen<\/a><\/h4>\n<p>Verschiedene Publikationsreihen sind mit der Stiftung LEUCOREA und den an ihr beheimatete Forschungsprojekten verbunden. Informationen \u00fcber unsere <strong>Publikationsreihen<\/strong> finden Sie \u00fcber <a href=\"https:\/\/leucorea.de\/forschung\/publikationsreihen\/\">diesen <strong>Link<\/strong><\/a>.<\/div>\n<\/div>\n<\/div><\/div><div id=\"panel-4058-0-0-4\" class=\"so-panel widget widget_black-studio-tinymce widget_black_studio_tinymce panel-last-child\" data-index=\"4\" ><div class=\"textwidget\"><div id=\"panel-7241-0-0-2\" class=\"so-panel widget widget_black-studio-tinymce widget_black_studio_tinymce\" data-index=\"2\">\n<div class=\"textwidget\">\n<h4>Sicherung guter wissenschaftlicher Praxis<\/h4>\n<p style=\"text-align: left\">Die Stiftung Leucorea verpflichtet ihr wissenschaftliches Personal arbeitsvertraglich auf die Einhaltung der Standards guter wissenschaftlicher Praxis gem\u00e4\u00df der Satzung der Martin-Luther-Universit\u00e4t Halle-Wittenberg. Die Ombudspersonen der Martin-Luther-Universit\u00e4t Halle-Wittenberg erf\u00fcllen ihre Aufgaben auch in Bezug auf die Grunds\u00e4tze guter wissenschaftlicher Praxis an der Stiftung Leucorea.<\/p>\n<p>- Satzung \u00fcber die Grunds\u00e4tze zur Sicherung guter wissenschaftlicher Praxis und \u00fcber den Umgang mit Vorw\u00fcrfen wissenschaftlichen Fehlverhaltens an der Martin-Luther-Universit\u00e4t Halle-Wittenbergvom 13.12.2023 (ABl. MLU 2024, Nr. 1, S. 1) (<a href=\"https:\/\/www.verwaltung.uni-halle.de\/KANZLER\/ZGST\/ABL\/2024\/24_01_01.pdf\" class=\"mtli_attachment mtli_pdf\">Link<\/a>)<br \/>\n- Liste der Ombudspersonen der Martin-Luther-Universit\u00e4t Halle-Wittenberg (<a href=\"https:\/\/www.uni-halle.de\/forschung\/wiss_fehlverhalten\/ombudsgremium\/\">Link)<\/a><br \/>\n- Ombudsgremium f\u00fcr die wissenschaftliche Integrit\u00e4t in Deutschland (<a href=\"https:\/\/ombudsgremium.de\/kontakt-2\/\">Link<\/a>)<\/div>\n<\/div>\n<\/div><\/div><\/div><\/div><\/div><div id=\"pg-4058-1\"  class=\"panel-grid panel-no-style\" ><div id=\"pgc-4058-1-0\"  class=\"panel-grid-cell\" ><div id=\"panel-4058-1-0-0\" class=\"so-panel widget widget_black-studio-tinymce widget_black_studio_tinymce panel-first-child panel-last-child\" data-index=\"5\" ><div class=\"textwidget\"><p>\u00a0<\/p>\n<p><a href=\"http:\/\/leucorea.de\/wp-content\/uploads\/2015\/04\/DSC_8202.jpg\"><img loading=\"lazy\" decoding=\"async\" class=\"alignnone size-medium wp-image-911\" src=\"http:\/\/leucorea.de\/wp-content\/uploads\/2015\/04\/DSC_8202-300x198.jpg\" alt=\"DSC_8202\" width=\"300\" height=\"198\" srcset=\"https:\/\/leucorea.de\/wp-content\/uploads\/2015\/04\/DSC_8202-300x198.jpg 300w, https:\/\/leucorea.de\/wp-content\/uploads\/2015\/04\/DSC_8202.jpg 1024w\" sizes=\"(max-width: 300px) 100vw, 300px\" \/><\/a><\/p>\n<\/div><\/div><\/div><\/div><\/div>","protected":false},"excerpt":{"rendered":"<p>Research projects funded, initiated and supported by the LEUCOREA Foundation focus on the historical place of Wittenberg in the context of the Reformation, and its meaning for the formation of the modern era and of modernity. Wissenschaftliche Veranstaltungen Die Stiftung LEUCOREA organisiert Veranstaltungen, die nicht selten im Zusammenhang mit den Forschungsprojekten stehen. Dazu geh\u00f6ren eine [&hellip;]<\/p>\n","protected":false},"author":2,"featured_media":0,"parent":0,"menu_order":0,"comment_status":"open","ping_status":"open","template":"page-templates\/infobox.php","meta":{"inline_featured_image":false,"footnotes":""},"_links":{"self":[{"href":"https:\/\/leucorea.de\/en\/wp-json\/wp\/v2\/pages\/4058"}],"collection":[{"href":"https:\/\/leucorea.de\/en\/wp-json\/wp\/v2\/pages"}],"about":[{"href":"https:\/\/leucorea.de\/en\/wp-json\/wp\/v2\/types\/page"}],"author":[{"embeddable":true,"href":"https:\/\/leucorea.de\/en\/wp-json\/wp\/v2\/users\/2"}],"replies":[{"embeddable":true,"href":"https:\/\/leucorea.de\/en\/wp-json\/wp\/v2\/comments?post=4058"}],"version-history":[{"count":16,"href":"https:\/\/leucorea.de\/en\/wp-json\/wp\/v2\/pages\/4058\/revisions"}],"predecessor-version":[{"id":17302,"href":"https:\/\/leucorea.de\/en\/wp-json\/wp\/v2\/pages\/4058\/revisions\/17302"}],"wp:attachment":[{"href":"https:\/\/leucorea.de\/en\/wp-json\/wp\/v2\/media?parent=4058"}],"curies":[{"name":"wp","href":"https:\/\/api.w.org\/{rel}","templated":true}]}}