{"id":4005,"date":"2016-06-25T11:00:41","date_gmt":"2016-06-25T09:00:41","guid":{"rendered":"https:\/\/leucorea.de\/en\/?page_id=4005"},"modified":"2025-08-29T13:17:51","modified_gmt":"2025-08-29T11:17:51","slug":"administration","status":"publish","type":"page","link":"https:\/\/leucorea.de\/en\/leucorea\/administration\/","title":{"rendered":"Administration"},"content":{"rendered":"<div id=\"pl-4005\"  class=\"panel-layout\" ><div id=\"pg-4005-0\"  class=\"panel-grid panel-no-style\" ><div id=\"pgc-4005-0-0\"  class=\"panel-grid-cell\" ><div id=\"panel-4005-0-0-0\" class=\"so-panel widget widget_black-studio-tinymce widget_black_studio_tinymce panel-first-child panel-last-child\" data-index=\"0\" ><div class=\"textwidget\"><div id=\"pg-4000-0\" class=\"panel-grid panel-has-style\">\n<div class=\"width-one panel-row-style panel-row-style-for-4000-0\">\n<div id=\"pgc-4000-0-0\" class=\"panel-grid-cell\">\n<div id=\"panel-4000-0-0-0\" class=\"so-panel widget widget_black-studio-tinymce widget_black_studio_tinymce panel-first-child panel-last-child\" data-index=\"0\">\n<div class=\"textwidget\">\n<p><strong>Kuratorium<\/strong><\/p>\n<p>Torsten Zugeh\u00f6r<br \/>\nOberb\u00fcrgermeister der Lutherstadt Wittenberg<br \/>\nVorsitzender des Kuratoriums<\/p>\n<p>Prof. Dr. Claudia Becker<br \/>\nRektorin der Martin-Luther-Universit\u00e4t<br \/>\nHalle-Wittenberg<br \/>\nStellvertretende Vorsitzende des Kuratoriums<\/p>\n<p>Franziska Buse<br \/>\nVorsitzende des Stadtrates der Lutherstadt Wittenberg<\/p>\n<p>Dr. Nico Elste<br \/>\nMartin-Luther-Universit\u00e4t Halle-Wittenberg<\/p>\n<p>Daniela Kirchhoff<br \/>\nMinisterium f\u00fcr Finanzen des Landes Sachsen-Anhalt<\/p>\n<p>Prof. Dr. Armin Kohnle<br \/>\nUniversit\u00e4t Leipzig<\/p>\n<p>Thomas Neumann<br \/>\nMinisterium f\u00fcr Wissenschaft, Energie, Klimaschutz und Umwelt des Landes Sachsen-Anhalt<\/p>\n<p>Prof. Dr. Erik Redling<br \/>\nMartin-Luther-Universit\u00e4t Halle-Wittenberg<\/p>\n<p>Prof. Dr. Christopher Spehr<br \/>\nFriedrich-Schiller-Universit\u00e4t Jena<\/p>\n<p>Prof. Dr. Frank Ueberschaer<br \/>\nMartin-Luther-Universit\u00e4t Halle-Wittenberg<\/p>\n<p>Prof. Dr. Stephan Wagner<br \/>\nMartin-Luther-Universit\u00e4t Halle-Wittenberg<\/p>\n<p>Prof. Dr. Dorothea Wendebourg<br \/>\nHumboldt-Universit\u00e4t zu Berlin<\/p>\n<p>Staatssekret\u00e4r Thomas W\u00fcnsch<br \/>\nMinisterium f\u00fcr Wissenschaft, Energie, Klimaschutz und Umwelt des Landes Sachsen-Anhalt<\/p>\n<p><strong>Vorstand<\/strong><\/p>\n<p>Prof. Dr. J\u00f6rg Dierken<br \/>\nVorsitzender<br \/>\nMartin-Luther-Universit\u00e4t Halle-Wittenberg<\/p>\n<p>Anja Aichinger<br \/>\nStellv. Vorsitzende<br \/>\nDirektorin des Luther-Melanchthon-Gymnasiums Wittenberg<\/p>\n<p>Prof. Dr. Michael Germann<br \/>\nSchatzmeister<br \/>\nMartin-Luther-Universit\u00e4t Halle-Wittenberg<\/p>\n<p><strong>Gesch\u00e4ftsf\u00fchrung<\/strong><\/p>\n<p>Dr. Karl Tetzlaff<\/p><\/div>\n<\/div>\n<\/div>\n<\/div>\n<\/div>\n<\/div><\/div><\/div><\/div><\/div>","protected":false},"excerpt":{"rendered":"<p>Kuratorium Torsten Zugeh\u00f6r Oberb\u00fcrgermeister der Lutherstadt Wittenberg Vorsitzender des Kuratoriums Prof. Dr. Claudia Becker Rektorin der Martin-Luther-Universit\u00e4t Halle-Wittenberg Stellvertretende Vorsitzende des Kuratoriums Franziska Buse Vorsitzende des Stadtrates der Lutherstadt Wittenberg Dr. Nico Elste Martin-Luther-Universit\u00e4t Halle-Wittenberg Daniela Kirchhoff Ministerium f\u00fcr Finanzen des Landes Sachsen-Anhalt Prof. Dr. Armin Kohnle Universit\u00e4t Leipzig Thomas Neumann Ministerium f\u00fcr Wissenschaft, Energie, [&hellip;]<\/p>\n","protected":false},"author":2,"featured_media":0,"parent":3987,"menu_order":0,"comment_status":"open","ping_status":"open","template":"page-templates\/infobox.php","meta":{"inline_featured_image":false,"footnotes":""},"_links":{"self":[{"href":"https:\/\/leucorea.de\/en\/wp-json\/wp\/v2\/pages\/4005"}],"collection":[{"href":"https:\/\/leucorea.de\/en\/wp-json\/wp\/v2\/pages"}],"about":[{"href":"https:\/\/leucorea.de\/en\/wp-json\/wp\/v2\/types\/page"}],"author":[{"embeddable":true,"href":"https:\/\/leucorea.de\/en\/wp-json\/wp\/v2\/users\/2"}],"replies":[{"embeddable":true,"href":"https:\/\/leucorea.de\/en\/wp-json\/wp\/v2\/comments?post=4005"}],"version-history":[{"count":6,"href":"https:\/\/leucorea.de\/en\/wp-json\/wp\/v2\/pages\/4005\/revisions"}],"predecessor-version":[{"id":20313,"href":"https:\/\/leucorea.de\/en\/wp-json\/wp\/v2\/pages\/4005\/revisions\/20313"}],"up":[{"embeddable":true,"href":"https:\/\/leucorea.de\/en\/wp-json\/wp\/v2\/pages\/3987"}],"wp:attachment":[{"href":"https:\/\/leucorea.de\/en\/wp-json\/wp\/v2\/media?parent=4005"}],"curies":[{"name":"wp","href":"https:\/\/api.w.org\/{rel}","templated":true}]}}