{"id":3978,"date":"2016-06-25T10:03:33","date_gmt":"2016-06-25T08:03:33","guid":{"rendered":"https:\/\/leucorea.de\/en\/?page_id=3978"},"modified":"2016-06-25T10:03:33","modified_gmt":"2016-06-25T08:03:33","slug":"about","status":"publish","type":"page","link":"https:\/\/leucorea.de\/en\/about\/","title":{"rendered":"About"},"content":{"rendered":"<div id=\"pl-3978\"  class=\"panel-layout\" ><div id=\"pg-3978-0\"  class=\"panel-grid panel-no-style\" ><div id=\"pgc-3978-0-0\"  class=\"panel-grid-cell\" ><div id=\"panel-3978-0-0-0\" class=\"so-panel widget widget_black-studio-tinymce widget_black_studio_tinymce panel-first-child panel-last-child\" data-index=\"0\" ><div class=\"textwidget\"><p>\u00a0<\/p>\n<p>LEUCOREA<br \/>Stiftung des \u00f6ffentlichen Rechts<\/p>\n<p>Die Stiftung LEUCOREA wird gesetzlich vertreten durch den Vorsitzenden des Stiftungsvorstands Prof. Dr. Ernst-Joachim Waschke.<\/p>\n<p>Gesch\u00e4ftsf\u00fchrerin: Dr. Marianne Schr\u00f6ter<\/p>\n<p>Adresse:<br \/>Collegienstra\u00dfe 62<br \/> 06886 Lutherstadt Wittenberg<\/p>\n<p>Kontakt:<br \/> Tel.: (0 34 91) 46 60<br \/> Fax: (0 34 91) 46 62 22<br \/> E-Mail: <a href=\"http:\/&#47;&#107;&#x6f;&#x6e;&#x74;ak&#116;&#64;&#x6c;&#x65;&#x75;c&#111;&#114;&#101;&#x61;&#x2e;&#x75;n&#105;&#45;&#x68;&#x61;&#x6c;le&#46;&#100;&#x65;\">&#107;&#x6f;&#110;&#x74;a&#107;&#x74;&#64;&#x6c;e&#x75;c&#111;&#x72;&#101;&#x61;&#46;&#x75;&#x6e;&#105;&#x2d;h&#x61;l&#108;&#x65;&#46;&#x64;e<\/a><\/p>\n<p><strong>Urheberrechtshinweis<\/strong><\/p>\n<p>Alle Texte, Bilder und Grafiken sowie ihre Arrangements in diesem Internetangebot unterliegen dem Schutz des Urheberrechts. Sie d\u00fcrfen damit beispielsweise weder kopiert noch ver\u00e4ndert noch in anderen Internetangeboten verwendet werden. Der Nutzung \u2013 auch auszugsweise \u2013 der allgemein zug\u00e4nglichen Texte durch Dritte stimmen wir hiermit nur unter der Bedingung zu, dass die Stiftung LEUCOREA als Urheber genannt wird.<\/p>\n<p>Die Nutzung der anderen Inhalte, wie beispielsweise der Bilder und Grafiken, ist nicht gestattet. Sollten Sie jedoch Interesse an einem Nutzungsrecht haben, wenden Sie sich bitte an oben genannte Adresse.<\/p>\n<p>Verweise auf unser Internetangebot begr\u00fc\u00dfen wir ausdr\u00fccklich.<\/p>\n<\/div><\/div><\/div><\/div><\/div>","protected":false},"excerpt":{"rendered":"<p>\u00a0LEUCOREAStiftung des \u00f6ffentlichen RechtsDie Stiftung LEUCOREA wird gesetzlich vertreten durch den Vorsitzenden des Stiftungsvorstands Prof. Dr. Ernst-Joachim Waschke.Gesch\u00e4ftsf\u00fchrerin: Dr. Marianne Schr\u00f6terAdresse:Collegienstra\u00dfe 62 06886 Lutherstadt WittenbergKontakt: Tel.: (0 34 91) 46 60 Fax: (0 34 91) 46 62 22 E-Mail: ko&#110;&#116;&#x61;&#x6b;&#x74;&#x40;le&#117;&#99;&#x6f;&#x72;&#x65;&#x61;&#46;u&#110;&#105;&#45;&#x68;&#x61;&#x6c;&#x6c;e&#46;&#100;&#101;&#x55;&#x72;&#x68;&#x65;be&#114;&#114;&#x65;&#x63;&#x68;&#x74;sh&#105;&#110;&#119;&#x65;&#x69;&#x73;&#x41;ll&#101; Texte, Bilder und Grafiken sowie ihre Arrangements in diesem Internetangebot unterliegen dem Schutz des Urheberrechts. [&hellip;]<\/p>\n","protected":false},"author":2,"featured_media":0,"parent":0,"menu_order":0,"comment_status":"open","ping_status":"closed","template":"","meta":{"inline_featured_image":false,"footnotes":""},"_links":{"self":[{"href":"https:\/\/leucorea.de\/en\/wp-json\/wp\/v2\/pages\/3978"}],"collection":[{"href":"https:\/\/leucorea.de\/en\/wp-json\/wp\/v2\/pages"}],"about":[{"href":"https:\/\/leucorea.de\/en\/wp-json\/wp\/v2\/types\/page"}],"author":[{"embeddable":true,"href":"https:\/\/leucorea.de\/en\/wp-json\/wp\/v2\/users\/2"}],"replies":[{"embeddable":true,"href":"https:\/\/leucorea.de\/en\/wp-json\/wp\/v2\/comments?post=3978"}],"version-history":[{"count":1,"href":"https:\/\/leucorea.de\/en\/wp-json\/wp\/v2\/pages\/3978\/revisions"}],"predecessor-version":[{"id":3979,"href":"https:\/\/leucorea.de\/en\/wp-json\/wp\/v2\/pages\/3978\/revisions\/3979"}],"wp:attachment":[{"href":"https:\/\/leucorea.de\/en\/wp-json\/wp\/v2\/media?parent=3978"}],"curies":[{"name":"wp","href":"https:\/\/api.w.org\/{rel}","templated":true}]}}