{"id":3603,"date":"2016-06-22T14:51:33","date_gmt":"2016-06-22T12:51:33","guid":{"rendered":"https:\/\/leucorea.de\/en\/congresses-2017\/cultural-impacts\/partners\/"},"modified":"2016-11-10T21:51:29","modified_gmt":"2016-11-10T20:51:29","slug":"partners","status":"publish","type":"page","link":"https:\/\/leucorea.de\/en\/congresses-2017\/cultural-impacts\/partners\/","title":{"rendered":"Cultural Impact of the Reformation: Partners"},"content":{"rendered":"<div id=\"pl-3603\"  class=\"panel-layout\" ><div id=\"pg-3603-0\"  class=\"panel-grid panel-has-style\" ><div class=\"width-one panel-row-style panel-row-style-for-3603-0\" ><div id=\"pgc-3603-0-0\"  class=\"panel-grid-cell\" ><div id=\"panel-3603-0-0-0\" class=\"so-panel widget widget_black-studio-tinymce widget_black_studio_tinymce panel-first-child\" data-index=\"0\" ><div class=\"intro panel-widget-style panel-widget-style-for-3603-0-0-0\" ><div class=\"textwidget\"><p>Der internationale, interdisziplin\u00e4re Kongress <em>Kulturelle Wirkungen der Reformation<\/em> kooperiert mit verschiedenen nationalen und internationalen wissenschaftlichen, kulturellen und touristischen Initiativen, Vereinen und Institutionen.<\/p>\n<\/div><\/div><\/div><div id=\"panel-3603-0-0-1\" class=\"so-panel widget widget_black-studio-tinymce widget_black_studio_tinymce panel-last-child\" data-index=\"1\" ><div class=\"textwidget\"><\/div><\/div><\/div><\/div><\/div><div id=\"pg-3603-1\"  class=\"panel-grid panel-no-style\" ><div id=\"pgc-3603-1-0\"  class=\"panel-grid-cell\" ><div id=\"panel-3603-1-0-0\" class=\"so-panel widget widget_black-studio-tinymce widget_black_studio_tinymce panel-first-child panel-last-child\" data-index=\"2\" ><div class=\"infobox panel-widget-style panel-widget-style-for-3603-1-0-0\" ><h3 class=\"widget-title\">Cultural Impact of the Reformation<\/h3><div class=\"textwidget\"><p>7 to 11 August 2017 \u00a0 \u00a0 \u00a0 \u00a0\u00a0 \u00a0 <a href=\"https:\/\/leucorea.de\/wp-content\/uploads\/2016\/02\/KulturelleWirkungenderReformation.svg\"><img loading=\"lazy\" decoding=\"async\" class=\"alignnone size-medium wp-image-2212\" src=\"https:\/\/leucorea.de\/wp-content\/uploads\/2016\/02\/KulturelleWirkungenderReformation.svg\" alt=\"KulturelleWirkungenderReformation\" width=\"100\" height=\"100\" \/><\/a><\/p>\n<p>Contact: &#x6b;&#111;&#110;&#x67;&#x72;&#101;&#115;&#x73;&#x40;&#108;&#101;&#x75;&#x63;&#111;&#114;&#x65;&#x61;&#46;&#117;&#x6e;&#x69;&#45;&#104;&#x61;&#x6c;&#108;&#101;&#x2e;&#x64;&#101;<\/p>\n<p><a href=\"https:\/\/leucorea.de\/en\/congresses-2017\/cultural-impacts\/\">Welcome page<\/a><\/p>\n<p><a href=\"https:\/\/leucorea.de\/en\/congresses-2017\/cultural-impacts\/program\/\">Program<\/a><\/p>\n<p>\u2192\u00a0<a href=\"https:\/\/leucorea.de\/en\/congresses-2017\/cultural-impacts\/program\/sections\/\">Sections<\/a><\/p>\n<p>\u2192\u00a0<a href=\"https:\/\/leucorea.de\/en\/congresses-2017\/cultural-impacts\/program\/call-for-papers\/\">Call for papers<\/a><\/p>\n<p>\u2192\u00a0<a href=\"https:\/\/leucorea.de\/en\/congresses-2017\/cultural-impacts\/weekendtrip\/\">Weekend trip<\/a><\/p>\n<p><a href=\"https:\/\/leucorea.de\/en\/congresses-2017\/cultural-impacts\/registration\/\">Registration<\/a><\/p>\n<p>\u2192 <a href=\"https:\/\/leucorea.de\/en\/congresses-2017\/cultural-impacts\/registration\/fees\/\">Fees<\/a><\/p>\n<p>\u2192 <a href=\"https:\/\/leucorea.de\/en\/congresses-2017\/cultural-impacts\/registration\/terms-and-conditions\/\">Terms and conditions<\/a><\/p>\n<p>\u2192 <a href=\"https:\/\/leucorea.de\/en\/congresses-2017\/cultural-impacts\/registration\/accommodation\/\">Accommodation<\/a><\/p>\n<p><a href=\"https:\/\/leucorea.de\/en\/congresses-2017\/cultural-impacts\/organisation\/\">Organisation<\/a><\/p>\n<p><a href=\"https:\/\/leucorea.de\/en\/congresses-2017\/cultural-impacts\/publishers-exhibition\/\">Publishers exhibition<\/a><\/p>\n<p>Partners<\/p>\n<\/div><\/div><\/div><\/div><\/div><div id=\"pg-3603-2\"  class=\"panel-grid panel-has-style\" ><div class=\"width-one panel-row-style panel-row-style-for-3603-2\" ><div id=\"pgc-3603-2-0\"  class=\"panel-grid-cell\" ><div id=\"panel-3603-2-0-0\" class=\"so-panel widget widget_black-studio-tinymce widget_black_studio_tinymce panel-first-child panel-last-child\" data-index=\"3\" ><div class=\"panel-widget-style panel-widget-style-for-3603-2-0-0\" ><div class=\"textwidget\"><p><a href=\"https:\/\/www.uni-jena.de\/\" target=\"_blank\"><img loading=\"lazy\" decoding=\"async\" class=\"alignnone size-medium wp-image-2944\" src=\"https:\/\/leucorea.de\/wp-content\/uploads\/2015\/12\/Logo_FSU_Bildmarke1.svg\" alt=\"Logo_FSU_Bildmarke1\" width=\"250\" height=\"250\" \/><\/a><\/p>\n<\/div><\/div><\/div><\/div><div id=\"pgc-3603-2-1\"  class=\"panel-grid-cell\" ><div id=\"panel-3603-2-1-0\" class=\"so-panel widget widget_black-studio-tinymce widget_black_studio_tinymce panel-first-child panel-last-child\" data-index=\"4\" ><div class=\"textwidget\"><p><strong>Friedrich-Schiller-Universit\u00e4t Jena<br \/><\/strong><\/p>\n<p>Binnen weniger Jahre seit der politischen Wende in Ostdeutschland hat sich die kleine th\u00fcringische Universit\u00e4tsstadt Jena wieder zu einem Wissenschaftszentrum von internationalem Rang gemausert. Bei allem Neuanfang blickt man jedoch gern zur\u00fcck auf die gro\u00dfartigen Traditionen dieses Wissenschaftsortes: Goethe, Schiller, Hegel und Fichte pr\u00e4gten das Geistesleben, Abbe, Zei\u00df und Schott legten den Grundstein f\u00fcr wirtschaftliche Prosperit\u00e4t.<br \/>Heute leben und arbeiten fast 25.000 Universit\u00e4ts- und Fachhochschul-Studierende in der 100.000 Einwohner-Stadt im Saaletal. Mit dem Lehrstuhl f\u00fcr Kirchengeschichte der Theologischen Fakult\u00e4t der Friedrich-Schiller-Universit\u00e4t haben sich enge Formen der Zusammenarbeit etabliert.<\/p>\n<p><a href=\"https:\/\/www.uni-jena.de\/\" target=\"_blank\">https:\/\/www.uni-jena.de\/<\/a><\/p>\n<\/div><\/div><\/div><\/div><\/div><div id=\"pg-3603-3\"  class=\"panel-grid panel-has-style\" ><div class=\"width-one panel-row-style panel-row-style-for-3603-3\" ><div id=\"pgc-3603-3-0\"  class=\"panel-grid-cell\" ><div id=\"panel-3603-3-0-0\" class=\"so-panel widget widget_black-studio-tinymce widget_black_studio_tinymce panel-first-child panel-last-child\" data-index=\"5\" ><div class=\"panel-widget-style panel-widget-style-for-3603-3-0-0\" ><div class=\"textwidget\"><p><a href=\"http:\/\/www.uni-leipzig.de\" target=\"_blank\"><img loading=\"lazy\" decoding=\"async\" class=\"alignnone size-full wp-image-2398\" src=\"https:\/\/leucorea.de\/wp-content\/uploads\/2015\/12\/logo_kl.gif\" alt=\"logo_kl\" width=\"300\" height=\"50\" \/><\/a><\/p>\n<\/div><\/div><\/div><\/div><div id=\"pgc-3603-3-1\"  class=\"panel-grid-cell\" ><div id=\"panel-3603-3-1-0\" class=\"so-panel widget widget_black-studio-tinymce widget_black_studio_tinymce panel-first-child panel-last-child\" data-index=\"6\" ><div class=\"textwidget\"><p><strong>Universit\u00e4t Leipzig<br \/><\/strong><\/p>\n<p>Die \u00fcber 600 Jahre alte Universit\u00e4t Leipzig ist in 14 Fakult\u00e4ten und \u00fcber 150 Institute gegliedert. Ihr Anspruch in Forschung und Lehre zielt \u2013 getreu ihrem Leitmotto \u00bbAus Tradition Grenzen \u00fcberschreiten\u00ab \u2013 gleichwohl immer auch auf Inter- und Transdisziplinarit\u00e4t, auf die \u00dcberschreitung von Fakult\u00e4ts- und Institutsgrenzen. Inhaltlich und forschungsorganisatorisch vielfach vernetzt ist die Stiftung LEUCOREA besonders mit dem Institut f\u00fcr S\u00e4chsische Landesgeschichte am Historischen Seminar sowie mit dem Lehrstuhl f\u00fcr Sp\u00e4tmittelalter und Reformation an der Theologischen Fakult\u00e4t.<\/p>\n<p><a href=\"http:\/\/www.zv.uni-leipzig.de\">http:\/\/www.uni-leipzig.de<\/a><\/p>\n<\/div><\/div><\/div><\/div><\/div><div id=\"pg-3603-4\"  class=\"panel-grid panel-has-style\" ><div class=\"width-one panel-row-style panel-row-style-for-3603-4\" ><div id=\"pgc-3603-4-0\"  class=\"panel-grid-cell\" ><div id=\"panel-3603-4-0-0\" class=\"so-panel widget widget_black-studio-tinymce widget_black_studio_tinymce panel-first-child panel-last-child\" data-index=\"7\" ><div class=\"panel-widget-style panel-widget-style-for-3603-4-0-0\" ><div class=\"textwidget\"><p><a href=\"http:\/\/www.uni-halle.de\" target=\"_blank\"><img decoding=\"async\" class=\"alignnone size-medium wp-image-1076\" src=\"http:\/\/leucorea.de\/wp-content\/uploads\/2015\/02\/MLU-Doppelsiegel.svg\" alt=\"MLU-Doppelsiegel\" width=\"250px\" \/><\/a><\/p>\n<\/div><\/div><\/div><\/div><div id=\"pgc-3603-4-1\"  class=\"panel-grid-cell\" ><div id=\"panel-3603-4-1-0\" class=\"so-panel widget widget_black-studio-tinymce widget_black_studio_tinymce panel-first-child panel-last-child\" data-index=\"8\" ><div class=\"textwidget\"><p><strong>Martin-Luther-Universit\u00e4t Halle-Wittenberg<br \/><\/strong><\/p>\n<p>Die gr\u00f6\u00dfte Universit\u00e4t des Landes betreibt Forschung und Lehre an der Theologischen Fakult\u00e4t, der Juristischen und Wirtschaftswissenschaftlichen Fakult\u00e4t, der Medizinischen Fakult\u00e4t, drei Philosophischen und drei Naturwissenschaftlichen Fakult\u00e4ten in Halle an der Saale.\u00a0 Hier studieren \u00fcber 20.000 Studenten. Sie ist aus der Vereinigung der Universit\u00e4ten in Halle (gegr\u00fcndet 1694) und in Wittenberg (gegr\u00fcndet 1502) hervorgegangen (1817). Die LEUCOREA ist als Stiftung an der Martin-Luther-Universit\u00e4t Halle-Wittenberg engstens mit ihr verbunden und repr\u00e4sentiert ihren Wittenberger Ursprung vor Ort.<\/p>\n<p><a href=\"http:\/\/www.uni-halle.de\" target=\"_blank\">http:\/\/www.uni-halle.de<\/a><\/p>\n<\/div><\/div><\/div><\/div><\/div><div id=\"pg-3603-5\"  class=\"panel-grid panel-has-style\" ><div class=\"width-one panel-row-style panel-row-style-for-3603-5\" ><div id=\"pgc-3603-5-0\"  class=\"panel-grid-cell\" ><div id=\"panel-3603-5-0-0\" class=\"so-panel widget widget_black-studio-tinymce widget_black_studio_tinymce panel-first-child panel-last-child\" data-index=\"9\" ><div class=\"panel-widget-style panel-widget-style-for-3603-5-0-0\" ><div class=\"textwidget\"><table>\n<tbody>\n<tr>\n<td><a href=\"http:\/\/www.refo500.nl\" target=\"_blank\"><img decoding=\"async\" class=\"alignnone size-medium wp-image-1081\" src=\"https:\/\/leucorea.de\/wp-content\/uploads\/2015\/04\/Refo500.svg\" alt=\"Refo500\" width=\"100\" \/><\/a><\/td>\n<td><a href=\"http:\/\/www.refo500.nl\/rc\/pages\/220\/reforg.html\" target=\"_blank\"><img decoding=\"async\" class=\"alignnone size-medium wp-image-1283\" src=\"https:\/\/leucorea.de\/wp-content\/uploads\/2015\/02\/RefoRC_Logo_eng.svg\" alt=\"RefoRC\" width=\"92\" \/><\/a><\/td>\n<\/tr>\n<\/tbody>\n<\/table>\n<p>\u00a0<\/p>\n<\/div><\/div><\/div><\/div><div id=\"pgc-3603-5-1\"  class=\"panel-grid-cell\" ><div id=\"panel-3603-5-1-0\" class=\"so-panel widget widget_black-studio-tinymce widget_black_studio_tinymce panel-first-child panel-last-child\" data-index=\"10\" ><div class=\"textwidget\"><p><strong>Refo500<br \/><\/strong><\/p>\n<p>Die LEUCOREA ist Mitglied von Refo500, einer internationalen Plattform, die Sachkenntnis, Wissen, Ideen, T\u00e4tigkeiten und Produkte auf dem Gebiet der Reformation im 16. Jahrhundert und ihrer heutigen Relevanz anbietet. RefoRC ist die akademische Abteilung dieser Plattform; sie verbindet die LEUCOREA mit anderen wissenschaftlichen Partnern.<\/p>\n<p><a href=\"http:\/\/www.refo500.nl\" target=\"_blank\">http:\/\/www.refo500.nl<\/a><\/p>\n<\/div><\/div><\/div><\/div><\/div><div id=\"pg-3603-6\"  class=\"panel-grid panel-has-style\" ><div class=\"width-one panel-row-style panel-row-style-for-3603-6\" ><div id=\"pgc-3603-6-0\"  class=\"panel-grid-cell\" ><div id=\"panel-3603-6-0-0\" class=\"so-panel widget widget_sow-image panel-first-child panel-last-child\" data-index=\"11\" ><div class=\"panel-widget-style panel-widget-style-for-3603-6-0-0\" ><div\n\t\t\t\n\t\t\tclass=\"so-widget-sow-image so-widget-sow-image-default-8b5b6f678277-3603\"\n\t\t\t\n\t\t>\n<div class=\"sow-image-container\">\n\t\t\t<a href=\"http:\/\/www.wittenberg.de\/\"\n\t\t\ttarget=\"_blank\" rel=\"noopener noreferrer\" \t\t>\n\t\t\t<img \n\tsrc=\"https:\/\/leucorea.de\/wp-content\/uploads\/2015\/02\/Wappen_Wittenberg.png\" width=\"123\" height=\"150\" sizes=\"(max-width: 123px) 100vw, 123px\" alt=\"\" \t\tclass=\"so-widget-image\"\/>\n\t\t\t<\/a><\/div>\n\n<\/div><\/div><\/div><\/div><div id=\"pgc-3603-6-1\"  class=\"panel-grid-cell\" ><div id=\"panel-3603-6-1-0\" class=\"so-panel widget widget_black-studio-tinymce widget_black_studio_tinymce panel-first-child panel-last-child\" data-index=\"12\" ><div class=\"textwidget\"><p><strong>Lutherstadt Wittenberg<br \/> <\/strong><\/p>\n<p>Als die Stadt der Universit\u00e4tsgr\u00fcndung von 1502 und Ausgangsort der Reformation ist Wittenberg mit der LEUCOREA \u00fcber die Stadt- und Universit\u00e4tsgeschichte verbunden. Die Kommunalpolitik geh\u00f6rt zu den wichtigen Rahmenbedingungen f\u00fcr die Aufgabenerf\u00fcllung der LEUCOREA. Die Lutherstadt Wittenberg entsendet zwei Vertreter in das Kuratorium der Stiftung LEUCOREA. <\/p>\n<p><a href=\"http:\/\/www.wittenberg.de\/\" target=\"_blank\">http:\/\/www.wittenberg.de<\/a><\/p>\n<\/div><\/div><\/div><\/div><\/div><div id=\"pg-3603-7\"  class=\"panel-grid panel-has-style\" ><div class=\"width-one panel-row-style panel-row-style-for-3603-7\" ><div id=\"pgc-3603-7-0\"  class=\"panel-grid-cell\" ><div id=\"panel-3603-7-0-0\" class=\"so-panel widget widget_black-studio-tinymce widget_black_studio_tinymce panel-first-child panel-last-child\" data-index=\"13\" ><div class=\"panel-widget-style panel-widget-style-for-3603-7-0-0\" ><div class=\"textwidget\"><p><a href=\"http:\/\/www.luther-gesellschaft.de\/\" target=\"_blank\" rel=\"http:\/\/www.luther-gesellschaft.de\/\"><img loading=\"lazy\" decoding=\"async\" class=\"aligncenter wp-image-1051 size-thumbnail\" src=\"http:\/\/leucorea.de\/wp-content\/uploads\/2015\/02\/Rose-mit-Umschrift-150x150.gif\" alt=\"Rose mit Umschrift\" width=\"150\" height=\"150\" srcset=\"https:\/\/leucorea.de\/wp-content\/uploads\/2015\/02\/Rose-mit-Umschrift-150x150.gif 150w, https:\/\/leucorea.de\/wp-content\/uploads\/2015\/02\/Rose-mit-Umschrift-300x298.gif 300w\" sizes=\"(max-width: 150px) 100vw, 150px\" \/><\/a><\/p>\n<\/div><\/div><\/div><\/div><div id=\"pgc-3603-7-1\"  class=\"panel-grid-cell\" ><div id=\"panel-3603-7-1-0\" class=\"so-panel widget widget_black-studio-tinymce widget_black_studio_tinymce panel-first-child panel-last-child\" data-index=\"14\" ><div class=\"textwidget\"><p><strong>Luther-Gesellschaft e.V.<\/strong><\/p>\n<p>Seit ihrer Gr\u00fcndung 1918 tritt die Luther-Gesellschaft mit Vortr\u00e4gen, Seminaren und weiteren Fortbildungsangeboten sowie mit der Zeitschrift \u201eLUTHER\u201c an die \u00d6ffentlichkeit. Ein wissenschaftliches Forum bietet sie mit dem \u201eLutherjahrbuch\u201c, dem Organ der internationalen Lutherforschung. So kann die Gesellschaft sowohl im Bereich des gesellschaftlichen und kulturellen Lebens der Stadt Wittenberg als auch im nationalen und internationalen Forschungskontext Wirkung entfalten.<\/p>\n<p><a href=\"http:\/\/www.luther-gesellschaft.de\/\" target=\"_blank\">http:\/\/www.luther-gesellschaft.de\/<\/a><\/p>\n<\/div><\/div><\/div><\/div><\/div><div id=\"pg-3603-8\"  class=\"panel-grid panel-has-style\" ><div class=\"width-one panel-row-style panel-row-style-for-3603-8\" ><div id=\"pgc-3603-8-0\"  class=\"panel-grid-cell\" ><div id=\"panel-3603-8-0-0\" class=\"so-panel widget widget_black-studio-tinymce widget_black_studio_tinymce panel-first-child panel-last-child\" data-index=\"15\" ><div class=\"panel-widget-style panel-widget-style-for-3603-8-0-0\" ><div class=\"textwidget\"><p><a href=\"http:\/\/www.martinluther.de\" target=\"_blank\"><img decoding=\"async\" class=\"alignnone size-medium wp-image-1285\" src=\"https:\/\/leucorea.de\/wp-content\/uploads\/2015\/02\/Luthergedenkstaetten_Logo.svg\" alt=\"Luthergedenkstaetten_Logo\" width=\"200\" \/><\/a><\/p>\n<\/div><\/div><\/div><\/div><div id=\"pgc-3603-8-1\"  class=\"panel-grid-cell\" ><div id=\"panel-3603-8-1-0\" class=\"so-panel widget widget_black-studio-tinymce widget_black_studio_tinymce panel-first-child panel-last-child\" data-index=\"16\" ><div class=\"textwidget\"><p><strong>Stiftung Luthergedenkst\u00e4tten in Sachsen-Anhalt<\/strong><\/p>\n<p>Die Stiftung wurde 1997 gegr\u00fcndet. In ihrer Obhut befinden sich vier Museen: Das Lutherhaus und das Melanchthonhaus in Wittenberg sowie Martin Luthers Geburtshaus und das Museum \u201eLuthers Sterbehaus\u201c in Eisleben. Alle vier H\u00e4user geh\u00f6ren seit 1996 zum Weltkulturerbe der UNESCO. Bestimmte Bereiche der Verwaltung und einzelne wissenschaftliche Mitarbeiter arbeiten unter dem Dach der Stiftung LEUCOREA. Beide Stiftungen geh\u00f6ren zu den Gesellschaftern der Ende 2012 gegr\u00fcndeten \u201eReformationsgeschichtlichen Forschungsbibliothek\u201d, die k\u00fcnftig ihren Sitz im Schloss Wittenberg haben wird.<\/p>\n<p><a href=\"http:\/\/www.martinluther.de\" target=\"_blank\">http:\/\/www.martinluther.de<\/a><\/p>\n<\/div><\/div><\/div><\/div><\/div><div id=\"pg-3603-9\"  class=\"panel-grid panel-has-style\" ><div class=\"width-one panel-row-style panel-row-style-for-3603-9\" ><div id=\"pgc-3603-9-0\"  class=\"panel-grid-cell\" ><div id=\"panel-3603-9-0-0\" class=\"so-panel widget widget_black-studio-tinymce widget_black_studio_tinymce panel-first-child panel-last-child\" data-index=\"17\" ><div class=\"panel-widget-style panel-widget-style-for-3603-9-0-0\" ><div class=\"textwidget\"><p><a href=\"http:\/\/www.ieg-mainz.de\" target=\"_blank\"><img loading=\"lazy\" decoding=\"async\" class=\"alignnone size-medium wp-image-3124\" src=\"https:\/\/leucorea.de\/wp-content\/uploads\/2015\/02\/IEG_Logo.svg\" alt=\"IEG_Logo\" width=\"100\" height=\"100\" \/><\/a><\/p>\n<\/div><\/div><\/div><\/div><div id=\"pgc-3603-9-1\"  class=\"panel-grid-cell\" ><div id=\"panel-3603-9-1-0\" class=\"so-panel widget widget_black-studio-tinymce widget_black_studio_tinymce panel-first-child panel-last-child\" data-index=\"18\" ><div class=\"textwidget\"><p><strong>Leibniz-Institut f\u00fcr Europ\u00e4ische Geschichte <br \/><\/strong><\/p>\n<p>Das Leibniz-Institut f\u00fcr Europ\u00e4ische Geschichte (IEG) in Mainz verdankt seine Gr\u00fcndung 1950 den internationalen Historikergespr\u00e4chen nach dem Zeiten Weltkrieg, in denen sich vor allem deutsche und franz\u00f6sische Teilnehmer f\u00fcr eine dauerhafte europ\u00e4ische Zusammenarbeit einsetzten. Es handelt sich um ein au\u00dferuniversit\u00e4res Forschungsinstitut, das sich mit seinen Forschungen in der religionsgeschichtlichen Abteilung unter anderem mit der religi\u00f6sen und konfessionellen Pluralisierung in der fr\u00fchen Neuzeit besch\u00e4ftigt.<\/p>\n<p><a href=\"http:\/\/www.ieg-mainz.de\/\" target=\"_blank\">www.ieg-mainz.de<\/a><\/p>\n<\/div><\/div><\/div><\/div><\/div><div id=\"pg-3603-10\"  class=\"panel-grid panel-has-style\" ><div class=\"width-one panel-row-style panel-row-style-for-3603-10\" ><div id=\"pgc-3603-10-0\"  class=\"panel-grid-cell\" ><div id=\"panel-3603-10-0-0\" class=\"so-panel widget widget_sow-image panel-first-child panel-last-child\" data-index=\"19\" ><div class=\"panel-widget-style panel-widget-style-for-3603-10-0-0\" ><div\n\t\t\t\n\t\t\tclass=\"so-widget-sow-image so-widget-sow-image-default-8b5b6f678277-3603\"\n\t\t\t\n\t\t>\n<div class=\"sow-image-container\">\n\t\t\t<a href=\"http:\/\/www.wcge.org\/\"\n\t\t\ttarget=\"_blank\" rel=\"noopener noreferrer\" \t\t>\n\t\t\t<img \n\tsrc=\"https:\/\/leucorea.de\/wp-content\/uploads\/2015\/02\/Logo-dunkel-2-zeilig-deutscho-e1430117976221.jpg\" width=\"300\" height=\"152\" sizes=\"(max-width: 300px) 100vw, 300px\" title=\"Logo dunkel 2 zeilig deutscho\" alt=\"\" \t\tclass=\"so-widget-image\"\/>\n\t\t\t<\/a><\/div>\n\n<\/div><\/div><\/div><\/div><div id=\"pgc-3603-10-1\"  class=\"panel-grid-cell\" ><div id=\"panel-3603-10-1-0\" class=\"so-panel widget widget_black-studio-tinymce widget_black_studio_tinymce panel-first-child panel-last-child\" data-index=\"20\" ><div class=\"textwidget\"><p><strong>Wittenberg-Zentrum f\u00fcr Globale Ethik (WZGE)<\/strong><\/p>\n<p>Das Wittenberg Zentrum f\u00fcr Globale Ethik hat es sich zum Ziel gesetzt, heutigen und k\u00fcnftigen Entscheidungstr\u00e4gern aus Wirtschaft, Politik und Gesellschaft ethische Orientierung und Kompetenzen f\u00fcr verantwortliches Handeln zu vermitteln.<\/p>\n<p><a href=\"http:\/\/www.wcge.org\/\" target=\"_blank\">http:\/\/www.wcge.org\/<\/a><\/p>\n<\/div><\/div><\/div><\/div><\/div><\/div>","protected":false},"excerpt":{"rendered":"<p>Der internationale, interdisziplin\u00e4re Kongress Kulturelle Wirkungen der Reformation kooperiert mit verschiedenen nationalen und internationalen wissenschaftlichen, kulturellen und touristischen Initiativen, Vereinen und Institutionen. 7 to 11 August 2017 \u00a0 \u00a0 \u00a0 \u00a0\u00a0 \u00a0 Contact: ko&#110;&#103;&#114;&#x65;&#x73;&#x73;&#x40;le&#117;&#99;&#111;&#x72;&#x65;&#x61;&#x2e;un&#105;&#45;&#104;&#x61;&#x6c;&#x6c;&#x65;&#46;d&#101;&#87;&#101;&#x6c;&#x63;&#x6f;&#x6d;e pageProgram\u2192\u00a0Sections\u2192\u00a0Call for papers\u2192\u00a0Weekend tripRegistration\u2192 Fees\u2192 Terms and conditions\u2192 AccommodationOrganisationPublishers exhibitionPartners<\/p>\n","protected":false},"author":10,"featured_media":0,"parent":3114,"menu_order":0,"comment_status":"open","ping_status":"closed","template":"page-templates\/infobox.php","meta":{"inline_featured_image":false,"footnotes":""},"_links":{"self":[{"href":"https:\/\/leucorea.de\/en\/wp-json\/wp\/v2\/pages\/3603"}],"collection":[{"href":"https:\/\/leucorea.de\/en\/wp-json\/wp\/v2\/pages"}],"about":[{"href":"https:\/\/leucorea.de\/en\/wp-json\/wp\/v2\/types\/page"}],"author":[{"embeddable":true,"href":"https:\/\/leucorea.de\/en\/wp-json\/wp\/v2\/users\/10"}],"replies":[{"embeddable":true,"href":"https:\/\/leucorea.de\/en\/wp-json\/wp\/v2\/comments?post=3603"}],"version-history":[{"count":8,"href":"https:\/\/leucorea.de\/en\/wp-json\/wp\/v2\/pages\/3603\/revisions"}],"predecessor-version":[{"id":4804,"href":"https:\/\/leucorea.de\/en\/wp-json\/wp\/v2\/pages\/3603\/revisions\/4804"}],"up":[{"embeddable":true,"href":"https:\/\/leucorea.de\/en\/wp-json\/wp\/v2\/pages\/3114"}],"wp:attachment":[{"href":"https:\/\/leucorea.de\/en\/wp-json\/wp\/v2\/media?parent=3603"}],"curies":[{"name":"wp","href":"https:\/\/api.w.org\/{rel}","templated":true}]}}