{"id":3398,"date":"2015-12-17T12:58:08","date_gmt":"2015-12-17T11:58:08","guid":{"rendered":"https:\/\/leucorea.de\/en\/congresses-2017\/cultural-impacts\/organisation\/"},"modified":"2017-06-29T15:26:29","modified_gmt":"2017-06-29T13:26:29","slug":"organisation","status":"publish","type":"page","link":"https:\/\/leucorea.de\/en\/congresses-2017\/cultural-impacts\/organisation\/","title":{"rendered":"Cultural Impact of the Reformation: Organisation"},"content":{"rendered":"<div id=\"pl-3398\"  class=\"panel-layout\" ><div id=\"pg-3398-0\"  class=\"panel-grid panel-has-style\" ><div class=\"width-one panel-row-style panel-row-style-for-3398-0\" ><div id=\"pgc-3398-0-0\"  class=\"panel-grid-cell\" ><div id=\"panel-3398-0-0-0\" class=\"so-panel widget widget_black-studio-tinymce widget_black_studio_tinymce panel-first-child\" data-index=\"0\" ><div class=\"intro panel-widget-style panel-widget-style-for-3398-0-0-0\" ><div class=\"textwidget\"><p><span style=\"color: #000000\">\u00a0<\/span><\/p>\n<\/div><\/div><\/div><div id=\"panel-3398-0-0-1\" class=\"so-panel widget widget_black-studio-tinymce widget_black_studio_tinymce panel-last-child\" data-index=\"1\" ><div class=\"textwidget\"><\/div><\/div><\/div><\/div><\/div><div id=\"pg-3398-1\"  class=\"panel-grid panel-no-style\" ><div id=\"pgc-3398-1-0\"  class=\"panel-grid-cell\" ><div id=\"panel-3398-1-0-0\" class=\"so-panel widget widget_black-studio-tinymce widget_black_studio_tinymce panel-first-child panel-last-child\" data-index=\"2\" ><div class=\"infobox panel-widget-style panel-widget-style-for-3398-1-0-0\" ><h3 class=\"widget-title\">Cultural Impact of the Reformation<\/h3><div class=\"textwidget\"><p>7 to 11 August 2017\u00a0\u00a0\u00a0\u00a0\u00a0 <a href=\"https:\/\/leucorea.de\/wp-content\/uploads\/2016\/02\/KulturelleWirkungenderReformation.svg\"><img loading=\"lazy\" decoding=\"async\" class=\"alignnone size-medium wp-image-2212\" src=\"https:\/\/leucorea.de\/wp-content\/uploads\/2016\/02\/KulturelleWirkungenderReformation.svg\" alt=\"KulturelleWirkungenderReformation\" width=\"100\" height=\"100\" \/><\/a><\/p>\n<p>Contact: &#x6b;o&#x6e;&#103;r&#x65;&#115;&#x73;&#64;l&#x65;&#117;&#x63;&#111;r&#x65;&#97;&#x2e;&#x75;n&#x69;&#45;h&#x61;&#108;&#x6c;&#101;&#46;&#x64;&#101;<\/p>\n<p>+49 345 5523005<\/p>\n<p><a href=\"https:\/\/leucorea.de\/en\/congresses-2017\/cultural-impacts\/\">Welcome page<\/a><\/p>\n<p><a href=\"https:\/\/leucorea.de\/en\/congresses-2017\/cultural-impacts\/program\/\">Program<\/a><\/p>\n<p>\u2192 <a href=\"https:\/\/leucorea.de\/en\/congresses-2017\/cultural-impacts\/program\/sections\/\">Sections<\/a><\/p>\n<p>\u2192 <a href=\"https:\/\/leucorea.de\/en\/congresses-2017\/cultural-impacts\/program\/call-for-papers\/\">Call for Papers<\/a><\/p>\n<p>\u2192 <a href=\"https:\/\/leucorea.de\/en\/congresses-2017\/cultural-impacts\/weekendtrip\/\">Weekendtrip<\/a><\/p>\n<p><a href=\"https:\/\/leucorea.de\/en\/congresses-2017\/cultural-impacts\/organisation\/\">Registration<\/a><\/p>\n<p>\u2192 <a href=\"https:\/\/leucorea.de\/en\/congresses-2017\/cultural-impacts\/registration\/fees\/\">Fees<\/a><\/p>\n<p>\u2192 <a href=\"https:\/\/leucorea.de\/en\/congresses-2017\/cultural-impacts\/registration\/terms-and-conditions\/\">Terms and conditions<\/a><\/p>\n<p>\u2192 <a href=\"https:\/\/leucorea.de\/en\/congresses-2017\/cultural-impacts\/registration\/accommodation\/\">Accommodation<\/a><\/p>\n<p>Organisation<\/p>\n<p><a href=\"https:\/\/leucorea.de\/en\/congresses-2017\/cultural-impacts\/publishers-exhibition\/\">Publishers exhibition<\/a><\/p>\n<p><a href=\"https:\/\/leucorea.de\/en\/congresses-2017\/cultural-impacts\/partners\/\">Partners<\/a><\/p>\n<\/div><\/div><\/div><\/div><\/div><div id=\"pg-3398-2\"  class=\"panel-grid panel-has-style\" ><div class=\"width-one panel-row-style panel-row-style-for-3398-2\" ><div id=\"pgc-3398-2-0\"  class=\"panel-grid-cell\" ><div id=\"panel-3398-2-0-0\" class=\"so-panel widget widget_black-studio-tinymce widget_black_studio_tinymce panel-first-child panel-last-child\" data-index=\"3\" ><h3 class=\"widget-title\">Kongressleitung<\/h3><div class=\"textwidget\"><table>\n<tbody>\n<tr>\n<td>\u00a0<a href=\"https:\/\/leucorea.de\/wp-content\/uploads\/2015\/12\/logo_kl.gif\"><img loading=\"lazy\" decoding=\"async\" class=\"alignnone size-full wp-image-2398\" src=\"https:\/\/leucorea.de\/wp-content\/uploads\/2015\/12\/logo_kl.gif\" alt=\"logo_kl\" width=\"206\" height=\"29\" \/><\/a><\/td>\n<td>Prof. Dr. Klaus Fitschen<br \/> Universit\u00e4t Leipzig<br \/> Rektoratsbeauftragter f\u00fcr das Reformationsjubil\u00e4um<\/td>\n<\/tr>\n<tr>\n<td>\u00a0<a href=\"https:\/\/leucorea.de\/wp-content\/uploads\/2015\/12\/Logo_FSU_Bildmarke1.svg\"><img loading=\"lazy\" decoding=\"async\" class=\"alignnone size-medium wp-image-2944\" src=\"https:\/\/leucorea.de\/wp-content\/uploads\/2015\/12\/Logo_FSU_Bildmarke1.svg\" alt=\"Logo_FSU_Bildmarke1\" width=\"200\" height=\"200\" \/><\/a><\/td>\n<td>Prof. Dr. Christopher Spehr<br \/> Friedrich-Schiller-Universit\u00e4t Jena<br \/> Pr\u00e4sidiumsbeauftragter f\u00fcr das Reformationsjubil\u00e4um<\/td>\n<\/tr>\n<tr>\n<td>\n<p>\u00a0<a href=\"https:\/\/leucorea.de\/wp-content\/uploads\/2015\/02\/MLU-Doppelsiegel.svg\"><img loading=\"lazy\" decoding=\"async\" class=\"alignnone  wp-image-1076\" src=\"https:\/\/leucorea.de\/wp-content\/uploads\/2015\/02\/MLU-Doppelsiegel.svg\" alt=\"MLU-Doppelsiegel\" width=\"182\" height=\"182\" \/><\/a><\/p>\n<\/td>\n<td>Prof. Dr. Ernst-Joachim Waschke<br \/> Martin-Luther-Universit\u00e4t Halle-Wittenberg<br \/> Rektoratsbeauftragter f\u00fcr das Reformationsjubil\u00e4um<br \/> Vorstandsvorsitzender der Stiftung LEUCOREA<\/td>\n<\/tr>\n<tr>\n<td>\u00a0<\/td>\n<td>\n<p>Kongressplanung<\/p>\n<p>PD Dr. Christian Senkel<br \/> Martin-Luther-Universit\u00e4t Halle-Wittenberg<\/p>\n<\/td>\n<\/tr>\n<tr>\n<td>\u00a0<\/td>\n<td>\n<p>Kongressmanagement<\/p>\n<p>Dr. Katrin St\u00f6ck<br \/>Mathias Sonnleithner<br \/>Martin-Luther-Universit\u00e4t Halle-Wittenberg<\/p>\n<p>kongress[at]leucorea.uni-halle.de<\/p>\n<p>+49 345 5523005<\/p>\n<\/td>\n<\/tr>\n<\/tbody>\n<\/table>\n<p>\u00a0<\/p>\n<\/div><\/div><\/div><\/div><\/div><\/div>","protected":false},"excerpt":{"rendered":"<p>\u00a0 7 to 11 August 2017\u00a0\u00a0\u00a0\u00a0\u00a0 Contact: &#107;&#x6f;&#110;&#x67;&#114;&#x65;&#115;&#x73;&#64;&#x6c;e&#x75;c&#x6f;r&#101;&#x61;&#46;&#x75;&#110;&#x69;&#45;&#x68;&#97;&#x6c;l&#x65;&#46;&#x64;e+49 345 5523005Welcome pageProgram\u2192 Sections\u2192 Call for Papers\u2192 WeekendtripRegistration\u2192 Fees\u2192 Terms and conditions\u2192 AccommodationOrganisationPublishers exhibitionPartners<\/p>\n","protected":false},"author":10,"featured_media":0,"parent":3114,"menu_order":0,"comment_status":"open","ping_status":"closed","template":"page-templates\/infobox.php","meta":{"inline_featured_image":false,"footnotes":""},"_links":{"self":[{"href":"https:\/\/leucorea.de\/en\/wp-json\/wp\/v2\/pages\/3398"}],"collection":[{"href":"https:\/\/leucorea.de\/en\/wp-json\/wp\/v2\/pages"}],"about":[{"href":"https:\/\/leucorea.de\/en\/wp-json\/wp\/v2\/types\/page"}],"author":[{"embeddable":true,"href":"https:\/\/leucorea.de\/en\/wp-json\/wp\/v2\/users\/10"}],"replies":[{"embeddable":true,"href":"https:\/\/leucorea.de\/en\/wp-json\/wp\/v2\/comments?post=3398"}],"version-history":[{"count":11,"href":"https:\/\/leucorea.de\/en\/wp-json\/wp\/v2\/pages\/3398\/revisions"}],"predecessor-version":[{"id":5812,"href":"https:\/\/leucorea.de\/en\/wp-json\/wp\/v2\/pages\/3398\/revisions\/5812"}],"up":[{"embeddable":true,"href":"https:\/\/leucorea.de\/en\/wp-json\/wp\/v2\/pages\/3114"}],"wp:attachment":[{"href":"https:\/\/leucorea.de\/en\/wp-json\/wp\/v2\/media?parent=3398"}],"curies":[{"name":"wp","href":"https:\/\/api.w.org\/{rel}","templated":true}]}}