{"id":3041,"date":"2016-01-26T20:18:18","date_gmt":"2016-01-26T19:18:18","guid":{"rendered":"https:\/\/leucorea.de\/en\/beyer\/"},"modified":"2016-01-26T20:18:18","modified_gmt":"2016-01-26T19:18:18","slug":"beyer","status":"publish","type":"page","link":"https:\/\/leucorea.de\/en\/beyer\/","title":{"rendered":"13. Internationaler Kongress f\u00fcr Lutherforschung: Seminar 4"},"content":{"rendered":"<p style=\"text-align: center\"><span style=\"color: #000000\">Michael Beyer<br \/>\nAblass und Ablasskritik um 1517<br \/>\nIndulgencies \u2013 commerce and criticism in 1517<\/span><\/p>\n<p>Das Seminar soll den die Reformation ansto\u00dfenden Ablasskonflikt bearbeiten. Dabei sind folgende Schwerpunkte vorgesehen, die von den Teilnehmenden sehr gern erg\u00e4nzt werden k\u00f6nnen: Ablass und Ablasskritik im Sp\u00e4tmittelalter; Luthers <em>95 Thesen<\/em> als Debattentext und (?) Programm; die \u00dcberlieferung der 95 Thesen bei Anh\u00e4ngern und Gegnern Luthers; Karlstadt \u2013 Luther \u2013 Eck: von 1517 bis 1519; Luthers Erl\u00e4uterung der 95 Thesen in den<em> Resolutiones de indulgentiarum virtute<\/em> von 1518; Theologie und Fr\u00f6mmigkeitspraxis: die <em>95 Thesen<\/em> und der <em>Sermon von Ablass und Gnade<\/em>.<\/p>\n<p>Arbeitsweise: Die Seminarteilnehmer w\u00e4hlen in Absprache mit dem Seminarleiter ein Teilthema aus, f\u00fcr das sie Einf\u00fchrungsreferate ausarbeiten. Gut w\u00e4re es, wenn von ihnen in Absprache mit dem Seminarleiter Texte oder auch Bilder f\u00fcr die gemeinsame Arbeit bereitgestellt werden k\u00f6nnten.<\/p>\n<p>Seminarsprache: Deutsch.<\/p>\n<h3 class=\"widget-title\">13. Internationaler Kongress f\u00fcr Lutherforschung<\/h3>\n<p><a href=\"https:\/\/leucorea.de\/lutherforscherkongress2017\/programm\/seminare\/\">zur\u00fcck zu Seminare<\/a><\/p>\n<p><a href=\"https:\/\/leucorea.de\/lutherforscherkongress2017\/programm\/seminare\/\">back to seminars<\/a><\/p>\n","protected":false},"excerpt":{"rendered":"<p>Michael Beyer Ablass und Ablasskritik um 1517 Indulgencies \u2013 commerce and criticism in 1517 Das Seminar soll den die Reformation ansto\u00dfenden Ablasskonflikt bearbeiten. Dabei sind folgende Schwerpunkte vorgesehen, die von den Teilnehmenden sehr gern erg\u00e4nzt werden k\u00f6nnen: Ablass und Ablasskritik im Sp\u00e4tmittelalter; Luthers 95 Thesen als Debattentext und (?) Programm; die \u00dcberlieferung der 95 Thesen [&hellip;]<\/p>\n","protected":false},"author":10,"featured_media":0,"parent":0,"menu_order":0,"comment_status":"open","ping_status":"closed","template":"page-templates\/infobox.php","meta":{"inline_featured_image":false,"footnotes":""},"_links":{"self":[{"href":"https:\/\/leucorea.de\/en\/wp-json\/wp\/v2\/pages\/3041"}],"collection":[{"href":"https:\/\/leucorea.de\/en\/wp-json\/wp\/v2\/pages"}],"about":[{"href":"https:\/\/leucorea.de\/en\/wp-json\/wp\/v2\/types\/page"}],"author":[{"embeddable":true,"href":"https:\/\/leucorea.de\/en\/wp-json\/wp\/v2\/users\/10"}],"replies":[{"embeddable":true,"href":"https:\/\/leucorea.de\/en\/wp-json\/wp\/v2\/comments?post=3041"}],"version-history":[{"count":0,"href":"https:\/\/leucorea.de\/en\/wp-json\/wp\/v2\/pages\/3041\/revisions"}],"wp:attachment":[{"href":"https:\/\/leucorea.de\/en\/wp-json\/wp\/v2\/media?parent=3041"}],"curies":[{"name":"wp","href":"https:\/\/api.w.org\/{rel}","templated":true}]}}